{"id":473,"date":"2021-09-01T18:30:53","date_gmt":"2021-09-01T18:30:53","guid":{"rendered":"https:\/\/swingladiespecs.youdodo.hu\/?page_id=473"},"modified":"2021-09-01T21:42:45","modified_gmt":"2021-09-01T21:42:45","slug":"tamogatoink","status":"publish","type":"page","link":"https:\/\/swingladiespecs.youdodo.hu\/?page_id=473","title":{"rendered":"T\u00e1mogat\u00f3ink"},"content":{"rendered":"\n[et_pb_section fb_built=&#8221;1&#8243; admin_label=&#8221;section&#8221; _builder_version=&#8221;3.22&#8243; global_colors_info=&#8221;{}&#8221;][et_pb_row column_structure=&#8221;1_3,1_3,1_3&#8243; _builder_version=&#8221;4.10.5&#8243; _module_preset=&#8221;default&#8221; global_colors_info=&#8221;{}&#8221;][et_pb_column type=&#8221;1_3&#8243; _builder_version=&#8221;4.10.5&#8243; _module_preset=&#8221;default&#8221; global_colors_info=&#8221;{}&#8221;][et_pb_image src=&#8221;https:\/\/swingladiespecs.youdodo.hu\/wp-content\/uploads\/2021\/09\/38392188_1772777356134190_5008002231585210368_n.png&#8221; title_text=&#8221;38392188_1772777356134190_5008002231585210368_n&#8221; show_in_lightbox=&#8221;on&#8221; _builder_version=&#8221;4.10.5&#8243; _module_preset=&#8221;default&#8221; animation_style=&#8221;fade&#8221; global_colors_info=&#8221;{}&#8221;][\/et_pb_image][et_pb_image src=&#8221;https:\/\/swingladiespecs.youdodo.hu\/wp-content\/uploads\/2021\/09\/65748662_2452755408088246_2448442821158371328_n.jpg&#8221; title_text=&#8221;65748662_2452755408088246_2448442821158371328_n&#8221; show_in_lightbox=&#8221;on&#8221; _builder_version=&#8221;4.10.5&#8243; _module_preset=&#8221;default&#8221; animation_style=&#8221;fade&#8221; global_colors_info=&#8221;{}&#8221;][\/et_pb_image][et_pb_text _builder_version=&#8221;4.10.5&#8243; _module_preset=&#8221;default&#8221; global_colors_info=&#8221;{}&#8221;]<h1 style=\"text-align: center;\">Golden Shape Szalon<\/h1>[\/et_pb_text][et_pb_image src=&#8221;https:\/\/swingladiespecs.youdodo.hu\/wp-content\/uploads\/2021\/09\/10922459_1582373362007275_5824400089982903230_n.jpg&#8221; title_text=&#8221;10922459_1582373362007275_5824400089982903230_n&#8221; show_in_lightbox=&#8221;on&#8221; _builder_version=&#8221;4.10.5&#8243; _module_preset=&#8221;default&#8221; animation_style=&#8221;fade&#8221; global_colors_info=&#8221;{}&#8221;][\/et_pb_image][et_pb_text _builder_version=&#8221;4.10.5&#8243; _module_preset=&#8221;default&#8221; global_colors_info=&#8221;{}&#8221;]<h1 style=\"text-align: center;\">ART-IST Kreat\u00edv Csoport<\/h1>\n<p>&nbsp;<\/p>\n<p>&nbsp;<\/p>[\/et_pb_text][\/et_pb_column][et_pb_column type=&#8221;1_3&#8243; _builder_version=&#8221;4.10.5&#8243; _module_preset=&#8221;default&#8221; global_colors_info=&#8221;{}&#8221;][et_pb_image src=&#8221;https:\/\/swingladiespecs.youdodo.hu\/wp-content\/uploads\/2021\/09\/20248322_331476513957859_1717031206674069319_o.jpg&#8221; title_text=&#8221;20248322_331476513957859_1717031206674069319_o&#8221; show_in_lightbox=&#8221;on&#8221; _builder_version=&#8221;4.10.5&#8243; _module_preset=&#8221;default&#8221; animation_style=&#8221;fade&#8221; global_colors_info=&#8221;{}&#8221;][\/et_pb_image][et_pb_text _builder_version=&#8221;4.10.5&#8243; _module_preset=&#8221;default&#8221; global_colors_info=&#8221;{}&#8221;]<h1 style=\"text-align: center;\">Firling Photo &amp; Video<\/h1>[\/et_pb_text][et_pb_image src=&#8221;https:\/\/swingladiespecs.youdodo.hu\/wp-content\/uploads\/2021\/09\/83331357_106230527604632_2463688851252576256_n.jpg&#8221; title_text=&#8221;83331357_106230527604632_2463688851252576256_n&#8221; show_in_lightbox=&#8221;on&#8221; _builder_version=&#8221;4.10.5&#8243; _module_preset=&#8221;default&#8221; animation_style=&#8221;fade&#8221; global_colors_info=&#8221;{}&#8221;][\/et_pb_image][et_pb_text _builder_version=&#8221;4.10.5&#8243; _module_preset=&#8221;default&#8221; global_colors_info=&#8221;{}&#8221;]<h1 style=\"text-align: center;\">ZAGA BAG<\/h1>[\/et_pb_text][\/et_pb_column][et_pb_column type=&#8221;1_3&#8243; _builder_version=&#8221;4.10.5&#8243; _module_preset=&#8221;default&#8221; global_colors_info=&#8221;{}&#8221;][et_pb_image src=&#8221;https:\/\/swingladiespecs.youdodo.hu\/wp-content\/uploads\/2021\/09\/fej01.jpg&#8221; title_text=&#8221;fej01&#8243; show_in_lightbox=&#8221;on&#8221; _builder_version=&#8221;4.10.5&#8243; _module_preset=&#8221;default&#8221; global_colors_info=&#8221;{}&#8221;][\/et_pb_image][et_pb_text _builder_version=&#8221;4.10.5&#8243; _module_preset=&#8221;default&#8221; global_colors_info=&#8221;{}&#8221;]<h3 style=\"text-align: center;\">Ruschy Sound<\/h3>[\/et_pb_text][et_pb_image src=&#8221;https:\/\/swingladiespecs.youdodo.hu\/wp-content\/uploads\/2021\/09\/123337288_3668968099794605_8086375634538074645_n.jpg&#8221; title_text=&#8221;123337288_3668968099794605_8086375634538074645_n&#8221; show_in_lightbox=&#8221;on&#8221; _builder_version=&#8221;4.10.5&#8243; _module_preset=&#8221;default&#8221; animation_style=&#8221;fade&#8221; global_colors_info=&#8221;{}&#8221;][\/et_pb_image][et_pb_image src=&#8221;https:\/\/swingladiespecs.youdodo.hu\/wp-content\/uploads\/2021\/09\/163650128_3959302724132378_53606614483651279_n.jpg&#8221; title_text=&#8221;163650128_3959302724132378_53606614483651279_n&#8221; show_in_lightbox=&#8221;on&#8221; _builder_version=&#8221;4.10.5&#8243; _module_preset=&#8221;default&#8221; animation_style=&#8221;fade&#8221; global_colors_info=&#8221;{}&#8221;][\/et_pb_image][et_pb_text _builder_version=&#8221;4.10.5&#8243; _module_preset=&#8221;default&#8221; min_height=&#8221;26px&#8221; global_colors_info=&#8221;{}&#8221;]<h3 style=\"text-align: center;\"><span>Szab\u00f3 P. Ildik\u00f3 &#8211; Makeup &#8211; Lashes&amp; Brows Stylist<\/span><\/h3>[\/et_pb_text][\/et_pb_column][\/et_pb_row][\/et_pb_section]\n","protected":false},"excerpt":{"rendered":"<p>Golden Shape SzalonART-IST Kreat\u00edv Csoport &nbsp; &nbsp;Firling Photo &amp; VideoZAGA BAGRuschy SoundSzab\u00f3 P. Ildik\u00f3 &#8211; Makeup &#8211; Lashes&amp; Brows Stylist<\/p>\n","protected":false},"author":1,"featured_media":0,"parent":0,"menu_order":0,"comment_status":"closed","ping_status":"closed","template":"","meta":{"_et_pb_use_builder":"on","_et_pb_old_content":"","_et_gb_content_width":""},"_links":{"self":[{"href":"https:\/\/swingladiespecs.youdodo.hu\/index.php?rest_route=\/wp\/v2\/pages\/473"}],"collection":[{"href":"https:\/\/swingladiespecs.youdodo.hu\/index.php?rest_route=\/wp\/v2\/pages"}],"about":[{"href":"https:\/\/swingladiespecs.youdodo.hu\/index.php?rest_route=\/wp\/v2\/types\/page"}],"author":[{"embeddable":true,"href":"https:\/\/swingladiespecs.youdodo.hu\/index.php?rest_route=\/wp\/v2\/users\/1"}],"replies":[{"embeddable":true,"href":"https:\/\/swingladiespecs.youdodo.hu\/index.php?rest_route=%2Fwp%2Fv2%2Fcomments&post=473"}],"version-history":[{"count":15,"href":"https:\/\/swingladiespecs.youdodo.hu\/index.php?rest_route=\/wp\/v2\/pages\/473\/revisions"}],"predecessor-version":[{"id":532,"href":"https:\/\/swingladiespecs.youdodo.hu\/index.php?rest_route=\/wp\/v2\/pages\/473\/revisions\/532"}],"wp:attachment":[{"href":"https:\/\/swingladiespecs.youdodo.hu\/index.php?rest_route=%2Fwp%2Fv2%2Fmedia&parent=473"}],"curies":[{"name":"wp","href":"https:\/\/api.w.org\/{rel}","templated":true}]}}