{"id":380,"date":"2021-09-01T16:36:49","date_gmt":"2021-09-01T16:36:49","guid":{"rendered":"https:\/\/swingladiespecs.youdodo.hu\/?page_id=380"},"modified":"2021-09-01T18:05:13","modified_gmt":"2021-09-01T18:05:13","slug":"fellepeseink","status":"publish","type":"page","link":"https:\/\/swingladiespecs.youdodo.hu\/?page_id=380","title":{"rendered":"Fell\u00e9p\u00e9seink"},"content":{"rendered":"<p>[et_pb_section fb_built=&#8221;1&#8243; admin_label=&#8221;section&#8221; _builder_version=&#8221;3.22&#8243; global_colors_info=&#8221;{}&#8221;][et_pb_row column_structure=&#8221;1_3,1_3,1_3&#8243; _builder_version=&#8221;4.10.5&#8243; _module_preset=&#8221;default&#8221; global_colors_info=&#8221;{}&#8221;][et_pb_column type=&#8221;1_3&#8243; _builder_version=&#8221;4.10.5&#8243; _module_preset=&#8221;default&#8221; global_colors_info=&#8221;{}&#8221;][et_pb_image title_text=&#8221;T\u00dcKE-D\u00cdJ\u00c1TAD\u00d3 2021&#8243; show_in_lightbox=&#8221;on&#8221; _builder_version=&#8221;4.10.5&#8243; _module_preset=&#8221;default&#8221; hover_enabled=&#8221;0&#8243; global_colors_info=&#8221;{}&#8221; src=&#8221;https:\/\/swingladiespecs.youdodo.hu\/wp-content\/uploads\/2021\/08\/216163442_1324703391257550_4771520812273335899_n-2.jpg&#8221; sticky_enabled=&#8221;0&#8243;][\/et_pb_image][et_pb_text _builder_version=&#8221;4.10.5&#8243; _module_preset=&#8221;default&#8221; hover_enabled=&#8221;0&#8243; global_colors_info=&#8221;{}&#8221; sticky_enabled=&#8221;0&#8243;]<\/p>\n<h1 style=\"text-align: center;\">T\u00fcke D\u00edj\u00e1tad\u00f3 2021<\/h1>\n<p>[\/et_pb_text][et_pb_image src=&#8221;https:\/\/swingladiespecs.youdodo.hu\/wp-content\/uploads\/2021\/09\/120948330_1130936870634204_3322933813600996178_n.jpg&#8221; title_text=&#8221;120948330_1130936870634204_3322933813600996178_n&#8221; show_in_lightbox=&#8221;on&#8221; _builder_version=&#8221;4.10.5&#8243; _module_preset=&#8221;default&#8221; global_colors_info=&#8221;{}&#8221;][\/et_pb_image][et_pb_text _builder_version=&#8221;4.10.5&#8243; _module_preset=&#8221;default&#8221; hover_enabled=&#8221;0&#8243; global_colors_info=&#8221;{}&#8221; sticky_enabled=&#8221;0&#8243;]<\/p>\n<h1 style=\"text-align: center;\">Koz\u00e1rmisleny<\/h1>\n<p>[\/et_pb_text][et_pb_image title_text=&#8221;65271915_778258645902030_4576446597742723072_n&#8221; show_in_lightbox=&#8221;on&#8221; _builder_version=&#8221;4.10.5&#8243; _module_preset=&#8221;default&#8221; hover_enabled=&#8221;0&#8243; global_colors_info=&#8221;{}&#8221; src=&#8221;https:\/\/swingladiespecs.youdodo.hu\/wp-content\/uploads\/2021\/09\/65271915_778258645902030_4576446597742723072_n-1.jpg&#8221; sticky_enabled=&#8221;0&#8243;][\/et_pb_image][et_pb_text _builder_version=&#8221;4.10.5&#8243; _module_preset=&#8221;default&#8221; hover_enabled=&#8221;0&#8243; global_colors_info=&#8221;{}&#8221; sticky_enabled=&#8221;0&#8243;]<\/p>\n<h1>\u00a0 \u00a0 \u00a0 \u00a0 \u00a0 Mokos Pinc\u00e9szet<\/h1>\n<h1 style=\"text-align: center;\">Pipaverseny<\/h1>\n<p>[\/et_pb_text][et_pb_image title_text=&#8221;210645375_1316742028720353_7767168416652933843_n-1&#8243; show_in_lightbox=&#8221;on&#8221; _builder_version=&#8221;4.10.5&#8243; _module_preset=&#8221;default&#8221; hover_enabled=&#8221;0&#8243; global_colors_info=&#8221;{}&#8221; sticky_enabled=&#8221;0&#8243; src=&#8221;https:\/\/swingladiespecs.youdodo.hu\/wp-content\/uploads\/2021\/09\/210645375_1316742028720353_7767168416652933843_n-1.jpg&#8221;][\/et_pb_image][et_pb_text _builder_version=&#8221;4.10.5&#8243; _module_preset=&#8221;default&#8221; hover_enabled=&#8221;0&#8243; global_colors_info=&#8221;{}&#8221; sticky_enabled=&#8221;0&#8243;]<\/p>\n<h1 style=\"text-align: center;\">\u00a0 \u00a0Tolna H\u00e1lakoncert<\/h1>\n<p>[\/et_pb_text][et_pb_image title_text=&#8221;DSC07209&#8243; show_in_lightbox=&#8221;on&#8221; _builder_version=&#8221;4.10.5&#8243; _module_preset=&#8221;default&#8221; hover_enabled=&#8221;0&#8243; global_colors_info=&#8221;{}&#8221; sticky_enabled=&#8221;0&#8243; src=&#8221;https:\/\/swingladiespecs.youdodo.hu\/wp-content\/uploads\/2021\/09\/DSC07209-scaled.jpg&#8221;][\/et_pb_image][et_pb_text _builder_version=&#8221;4.10.5&#8243; _module_preset=&#8221;default&#8221; hover_enabled=&#8221;0&#8243; global_colors_info=&#8221;{}&#8221; sticky_enabled=&#8221;0&#8243;]<\/p>\n<h1>BAZ\u00c1R-P\u00e9cs<\/h1>\n<p>[\/et_pb_text][et_pb_image title_text=&#8221;118617819_1097278264000065_2301667717506120303_n&#8221; show_in_lightbox=&#8221;on&#8221; _builder_version=&#8221;4.10.5&#8243; _module_preset=&#8221;default&#8221; hover_enabled=&#8221;0&#8243; global_colors_info=&#8221;{}&#8221; sticky_enabled=&#8221;0&#8243; src=&#8221;https:\/\/swingladiespecs.youdodo.hu\/wp-content\/uploads\/2021\/09\/118617819_1097278264000065_2301667717506120303_n.jpg&#8221;][\/et_pb_image][et_pb_text _builder_version=&#8221;4.10.5&#8243; _module_preset=&#8221;default&#8221; hover_enabled=&#8221;0&#8243; global_colors_info=&#8221;{}&#8221; sticky_enabled=&#8221;0&#8243;]<\/p>\n<h1 style=\"text-align: center;\">\u00a0 P\u00e9cs<\/h1>\n<p>[\/et_pb_text][et_pb_image title_text=&#8221;78331420_890587698002457_7879895898614923264_n&#8221; show_in_lightbox=&#8221;on&#8221; _builder_version=&#8221;4.10.5&#8243; _module_preset=&#8221;default&#8221; hover_enabled=&#8221;0&#8243; global_colors_info=&#8221;{}&#8221; sticky_enabled=&#8221;0&#8243; src=&#8221;https:\/\/swingladiespecs.youdodo.hu\/wp-content\/uploads\/2021\/09\/78331420_890587698002457_7879895898614923264_n.jpg&#8221;][\/et_pb_image][et_pb_text _builder_version=&#8221;4.10.5&#8243; _module_preset=&#8221;default&#8221; hover_enabled=&#8221;0&#8243; global_colors_info=&#8221;{}&#8221; sticky_enabled=&#8221;0&#8243;]<\/p>\n<h1 style=\"text-align: center;\">\u00a0 Trezor-P\u00e9cs<\/h1>\n<p>[\/et_pb_text][\/et_pb_column][et_pb_column type=&#8221;1_3&#8243; _builder_version=&#8221;4.10.5&#8243; _module_preset=&#8221;default&#8221; global_colors_info=&#8221;{}&#8221;][et_pb_image src=&#8221;https:\/\/swingladiespecs.youdodo.hu\/wp-content\/uploads\/2021\/09\/118473305_1097888497272375_2764115759989318334_n.jpg&#8221; title_text=&#8221;118473305_1097888497272375_2764115759989318334_n&#8221; show_in_lightbox=&#8221;on&#8221; _builder_version=&#8221;4.10.5&#8243; _module_preset=&#8221;default&#8221; global_colors_info=&#8221;{}&#8221;][\/et_pb_image][et_pb_text _builder_version=&#8221;4.10.5&#8243; _module_preset=&#8221;default&#8221; hover_enabled=&#8221;0&#8243; global_colors_info=&#8221;{}&#8221; sticky_enabled=&#8221;0&#8243;]<\/p>\n<h1 style=\"text-align: center;\">Sikl\u00f3si V\u00e1r<\/h1>\n<p>[\/et_pb_text][et_pb_image title_text=&#8221;225240725_1334860820241807_7113587362051227433_n&#8221; show_in_lightbox=&#8221;on&#8221; _builder_version=&#8221;4.10.5&#8243; _module_preset=&#8221;default&#8221; hover_enabled=&#8221;0&#8243; global_colors_info=&#8221;{}&#8221; src=&#8221;https:\/\/swingladiespecs.youdodo.hu\/wp-content\/uploads\/2021\/09\/225240725_1334860820241807_7113587362051227433_n.jpg&#8221; sticky_enabled=&#8221;0&#8243;][\/et_pb_image][et_pb_text _builder_version=&#8221;4.10.5&#8243; _module_preset=&#8221;default&#8221; hover_enabled=&#8221;0&#8243; global_colors_info=&#8221;{}&#8221; sticky_enabled=&#8221;0&#8243;]<\/p>\n<h1 style=\"text-align: center;\">Made in P\u00e9cs Fesztiv\u00e1l<\/h1>\n<p>[\/et_pb_text][et_pb_image title_text=&#8221;89734862_968995303495029_7077180877658128384_n&#8221; show_in_lightbox=&#8221;on&#8221; _builder_version=&#8221;4.10.5&#8243; _module_preset=&#8221;default&#8221; hover_enabled=&#8221;0&#8243; global_colors_info=&#8221;{}&#8221; sticky_enabled=&#8221;0&#8243; src=&#8221;https:\/\/swingladiespecs.youdodo.hu\/wp-content\/uploads\/2021\/09\/89734862_968995303495029_7077180877658128384_n.jpg&#8221;][\/et_pb_image][et_pb_text _builder_version=&#8221;4.10.5&#8243; _module_preset=&#8221;default&#8221; hover_enabled=&#8221;0&#8243; global_colors_info=&#8221;{}&#8221; sticky_enabled=&#8221;0&#8243;]<\/p>\n<h1>J\u00f3t\u00e9kony N\u0151egylet<\/h1>\n<p>[\/et_pb_text][et_pb_image title_text=&#8221;85245077_957319127995980_4990579464820752384_n&#8221; show_in_lightbox=&#8221;on&#8221; _builder_version=&#8221;4.10.5&#8243; _module_preset=&#8221;default&#8221; hover_enabled=&#8221;0&#8243; global_colors_info=&#8221;{}&#8221; sticky_enabled=&#8221;0&#8243; src=&#8221;https:\/\/swingladiespecs.youdodo.hu\/wp-content\/uploads\/2021\/09\/85245077_957319127995980_4990579464820752384_n.jpg&#8221;][\/et_pb_image][et_pb_text _builder_version=&#8221;4.10.5&#8243; _module_preset=&#8221;default&#8221; hover_enabled=&#8221;0&#8243; global_colors_info=&#8221;{}&#8221; sticky_enabled=&#8221;0&#8243;]<\/p>\n<h1>Caff\u00e9 Grande Italia P\u00e9cs<\/h1>\n<p>[\/et_pb_text][et_pb_image title_text=&#8221;60445017_747089629018932_3601939907217457152_n&#8221; show_in_lightbox=&#8221;on&#8221; _builder_version=&#8221;4.10.5&#8243; _module_preset=&#8221;default&#8221; hover_enabled=&#8221;0&#8243; global_colors_info=&#8221;{}&#8221; sticky_enabled=&#8221;0&#8243; src=&#8221;https:\/\/swingladiespecs.youdodo.hu\/wp-content\/uploads\/2021\/09\/60445017_747089629018932_3601939907217457152_n.jpg&#8221;][\/et_pb_image][et_pb_text _builder_version=&#8221;4.10.5&#8243; _module_preset=&#8221;default&#8221; hover_enabled=&#8221;0&#8243; global_colors_info=&#8221;{}&#8221; sticky_enabled=&#8221;0&#8243;]<\/p>\n<h1>Caff\u00e9 Grande Italia P\u00e9cs<\/h1>\n<p>[\/et_pb_text][et_pb_image title_text=&#8221;116206630_1075045572890001_5344435462279662450_n&#8221; show_in_lightbox=&#8221;on&#8221; _builder_version=&#8221;4.10.5&#8243; _module_preset=&#8221;default&#8221; hover_enabled=&#8221;0&#8243; global_colors_info=&#8221;{}&#8221; sticky_enabled=&#8221;0&#8243; src=&#8221;https:\/\/swingladiespecs.youdodo.hu\/wp-content\/uploads\/2021\/09\/116206630_1075045572890001_5344435462279662450_n.jpg&#8221;][\/et_pb_image][et_pb_text _builder_version=&#8221;4.10.5&#8243; _module_preset=&#8221;default&#8221; hover_enabled=&#8221;0&#8243; global_colors_info=&#8221;{}&#8221; sticky_enabled=&#8221;0&#8243;]<\/p>\n<h1>\u00a0P\u00e9cs<\/h1>\n<p>[\/et_pb_text][et_pb_image title_text=&#8221;233545609_1342178522843370_6618944480925973104_n&#8221; show_in_lightbox=&#8221;on&#8221; _builder_version=&#8221;4.10.5&#8243; _module_preset=&#8221;default&#8221; hover_enabled=&#8221;0&#8243; global_colors_info=&#8221;{}&#8221; sticky_enabled=&#8221;0&#8243; src=&#8221;https:\/\/swingladiespecs.youdodo.hu\/wp-content\/uploads\/2021\/09\/233545609_1342178522843370_6618944480925973104_n.jpg&#8221;][\/et_pb_image][et_pb_text _builder_version=&#8221;4.10.5&#8243; _module_preset=&#8221;default&#8221; hover_enabled=&#8221;0&#8243; global_colors_info=&#8221;{}&#8221; sticky_enabled=&#8221;0&#8243;]<\/p>\n<h1>\u00a0P\u00e9cs<\/h1>\n<p>[\/et_pb_text][et_pb_image title_text=&#8221;71118478_834679233593304_7667102087531986944_n&#8221; show_in_lightbox=&#8221;on&#8221; _builder_version=&#8221;4.10.5&#8243; _module_preset=&#8221;default&#8221; hover_enabled=&#8221;0&#8243; global_colors_info=&#8221;{}&#8221; sticky_enabled=&#8221;0&#8243; src=&#8221;https:\/\/swingladiespecs.youdodo.hu\/wp-content\/uploads\/2021\/09\/71118478_834679233593304_7667102087531986944_n.jpg&#8221;][\/et_pb_image][et_pb_text _builder_version=&#8221;4.10.5&#8243; _module_preset=&#8221;default&#8221; hover_enabled=&#8221;0&#8243; global_colors_info=&#8221;{}&#8221; sticky_enabled=&#8221;0&#8243;]<\/p>\n<h1>Tolna V\u00e1ros Napja<\/h1>\n<p>[\/et_pb_text][\/et_pb_column][et_pb_column type=&#8221;1_3&#8243; _builder_version=&#8221;4.10.5&#8243; _module_preset=&#8221;default&#8221; global_colors_info=&#8221;{}&#8221;][et_pb_image title_text=&#8221;P\u00e9csi Polg\u00e1ri Kult\u00far\u00e1lis Est\u00e9k&#8221; show_in_lightbox=&#8221;on&#8221; _builder_version=&#8221;4.10.5&#8243; _module_preset=&#8221;default&#8221; hover_enabled=&#8221;0&#8243; global_colors_info=&#8221;{}&#8221; src=&#8221;https:\/\/swingladiespecs.youdodo.hu\/wp-content\/uploads\/2021\/08\/227684797_1336151493446073_370452522728621973_n-1.jpg&#8221; sticky_enabled=&#8221;0&#8243;][\/et_pb_image][et_pb_text _builder_version=&#8221;4.10.5&#8243; _module_preset=&#8221;default&#8221; hover_enabled=&#8221;0&#8243; global_colors_info=&#8221;{}&#8221; sticky_enabled=&#8221;0&#8243;]<\/p>\n<h2 style=\"text-align: center;\">P\u00e9csi Polg\u00e1ri Kult\u00far\u00e1lis Est\u00e9k<\/h2>\n<p>[\/et_pb_text][et_pb_image title_text=&#8221;97976269_1021378508256708_3614177097972449280_n&#8221; show_in_lightbox=&#8221;on&#8221; _builder_version=&#8221;4.10.5&#8243; _module_preset=&#8221;default&#8221; hover_enabled=&#8221;0&#8243; global_colors_info=&#8221;{}&#8221; src=&#8221;https:\/\/swingladiespecs.youdodo.hu\/wp-content\/uploads\/2021\/09\/97976269_1021378508256708_3614177097972449280_n.jpg&#8221; sticky_enabled=&#8221;0&#8243;][\/et_pb_image][et_pb_text _builder_version=&#8221;4.10.5&#8243; _module_preset=&#8221;default&#8221; hover_enabled=&#8221;0&#8243; global_colors_info=&#8221;{}&#8221; sticky_enabled=&#8221;0&#8243;]<\/p>\n<h1 style=\"text-align: center;\">T\u00e9r-Zene<\/h1>\n<p>[\/et_pb_text][et_pb_image title_text=&#8221;80497010_910530416008185_708398741727477760_n&#8221; show_in_lightbox=&#8221;on&#8221; _builder_version=&#8221;4.10.5&#8243; _module_preset=&#8221;default&#8221; hover_enabled=&#8221;0&#8243; global_colors_info=&#8221;{}&#8221; sticky_enabled=&#8221;0&#8243; src=&#8221;https:\/\/swingladiespecs.youdodo.hu\/wp-content\/uploads\/2021\/09\/80497010_910530416008185_708398741727477760_n.jpg&#8221;][\/et_pb_image][et_pb_text _builder_version=&#8221;4.10.5&#8243; _module_preset=&#8221;default&#8221; hover_enabled=&#8221;0&#8243; global_colors_info=&#8221;{}&#8221; sticky_enabled=&#8221;0&#8243;]<\/p>\n<h1 style=\"text-align: center;\">Lotus Therme-H\u00e9v\u00edz<\/h1>\n<p>[\/et_pb_text][et_pb_image title_text=&#8221;122714519_1143647926029765_6422143992680764084_n&#8221; show_in_lightbox=&#8221;on&#8221; _builder_version=&#8221;4.10.5&#8243; _module_preset=&#8221;default&#8221; hover_enabled=&#8221;0&#8243; global_colors_info=&#8221;{}&#8221; sticky_enabled=&#8221;0&#8243; src=&#8221;https:\/\/swingladiespecs.youdodo.hu\/wp-content\/uploads\/2021\/09\/122714519_1143647926029765_6422143992680764084_n.jpg&#8221;][\/et_pb_image][et_pb_text _builder_version=&#8221;4.10.5&#8243; _module_preset=&#8221;default&#8221; hover_enabled=&#8221;0&#8243; global_colors_info=&#8221;{}&#8221; sticky_enabled=&#8221;0&#8243;]<\/p>\n<h1 style=\"text-align: center;\">BAZ\u00c1R-P\u00c9CS<\/h1>\n<p>[\/et_pb_text][et_pb_image title_text=&#8221;83747395_943208562740370_2840879063940202496_n&#8221; show_in_lightbox=&#8221;on&#8221; _builder_version=&#8221;4.10.5&#8243; _module_preset=&#8221;default&#8221; hover_enabled=&#8221;0&#8243; global_colors_info=&#8221;{}&#8221; sticky_enabled=&#8221;0&#8243; src=&#8221;https:\/\/swingladiespecs.youdodo.hu\/wp-content\/uploads\/2021\/09\/83747395_943208562740370_2840879063940202496_n.jpg&#8221;][\/et_pb_image][et_pb_text _builder_version=&#8221;4.10.5&#8243; _module_preset=&#8221;default&#8221; hover_enabled=&#8221;0&#8243; global_colors_info=&#8221;{}&#8221; sticky_enabled=&#8221;0&#8243;]<\/p>\n<h1 style=\"text-align: center;\">Trezor-P\u00c9CS<\/h1>\n<p>[\/et_pb_text][et_pb_image title_text=&#8221;235381551_1346923662368856_2623236211907948118_n&#8221; show_in_lightbox=&#8221;on&#8221; _builder_version=&#8221;4.10.5&#8243; _module_preset=&#8221;default&#8221; hover_enabled=&#8221;0&#8243; global_colors_info=&#8221;{}&#8221; sticky_enabled=&#8221;0&#8243; src=&#8221;https:\/\/swingladiespecs.youdodo.hu\/wp-content\/uploads\/2021\/09\/235381551_1346923662368856_2623236211907948118_n.jpg&#8221;][\/et_pb_image][et_pb_text _builder_version=&#8221;4.10.5&#8243; _module_preset=&#8221;default&#8221; hover_enabled=&#8221;0&#8243; global_colors_info=&#8221;{}&#8221; sticky_enabled=&#8221;0&#8243;]<\/p>\n<h1 style=\"text-align: center;\"><\/h1>\n<h1 style=\"text-align: center;\">Hild Kultudvar-P\u00c9CS<\/h1>\n<p>[\/et_pb_text][et_pb_image title_text=&#8221;70501940_827413277653233_4780180317048668160_n&#8221; show_in_lightbox=&#8221;on&#8221; _builder_version=&#8221;4.10.5&#8243; _module_preset=&#8221;default&#8221; hover_enabled=&#8221;0&#8243; global_colors_info=&#8221;{}&#8221; sticky_enabled=&#8221;0&#8243; src=&#8221;https:\/\/swingladiespecs.youdodo.hu\/wp-content\/uploads\/2021\/09\/70501940_827413277653233_4780180317048668160_n.jpg&#8221;][\/et_pb_image][et_pb_text _builder_version=&#8221;4.10.5&#8243; _module_preset=&#8221;default&#8221; hover_enabled=&#8221;0&#8243; global_colors_info=&#8221;{}&#8221; sticky_enabled=&#8221;0&#8243;]<\/p>\n<h3 style=\"text-align: center;\">M\u00e1gocs<\/h3>\n<p>[\/et_pb_text][et_pb_image title_text=&#8221;132524552_1188994964828394_3552979598436557896_n&#8221; show_in_lightbox=&#8221;on&#8221; _builder_version=&#8221;4.10.5&#8243; _module_preset=&#8221;default&#8221; hover_enabled=&#8221;0&#8243; global_colors_info=&#8221;{}&#8221; sticky_enabled=&#8221;0&#8243; src=&#8221;https:\/\/swingladiespecs.youdodo.hu\/wp-content\/uploads\/2021\/09\/132524552_1188994964828394_3552979598436557896_n-scaled.jpg&#8221;][\/et_pb_image][et_pb_text _builder_version=&#8221;4.10.5&#8243; _module_preset=&#8221;default&#8221; hover_enabled=&#8221;0&#8243; global_colors_info=&#8221;{}&#8221; sticky_enabled=&#8221;0&#8243;]<\/p>\n<h3 style=\"text-align: center;\">PTE International Winter Festival<\/h3>\n<p>[\/et_pb_text][\/et_pb_column][\/et_pb_row][\/et_pb_section]<\/p>\n","protected":false},"excerpt":{"rendered":"<p>T\u00fcke D\u00edj\u00e1tad\u00f3 2021Koz\u00e1rmisleny\u00a0 \u00a0 \u00a0 \u00a0 \u00a0 Mokos Pinc\u00e9szet Pipaverseny\u00a0 \u00a0Tolna H\u00e1lakoncertBAZ\u00c1R-P\u00e9cs\u00a0 P\u00e9cs\u00a0 Trezor-P\u00e9csSikl\u00f3si V\u00e1rMade in P\u00e9cs Fesztiv\u00e1lJ\u00f3t\u00e9kony N\u0151egyletCaff\u00e9 Grande Italia P\u00e9csCaff\u00e9 Grande Italia P\u00e9cs\u00a0P\u00e9cs\u00a0P\u00e9csTolna V\u00e1ros NapjaP\u00e9csi Polg\u00e1ri Kult\u00far\u00e1lis Est\u00e9kT\u00e9r-ZeneLotus Therme-H\u00e9v\u00edzBAZ\u00c1R-P\u00c9CSTrezor-P\u00c9CS Hild Kultudvar-P\u00c9CSM\u00e1gocsPTE International Winter Festival<\/p>\n","protected":false},"author":1,"featured_media":331,"parent":0,"menu_order":0,"comment_status":"open","ping_status":"closed","template":"","meta":{"_et_pb_use_builder":"on","_et_pb_old_content":"","_et_gb_content_width":""},"_links":{"self":[{"href":"https:\/\/swingladiespecs.youdodo.hu\/index.php?rest_route=\/wp\/v2\/pages\/380"}],"collection":[{"href":"https:\/\/swingladiespecs.youdodo.hu\/index.php?rest_route=\/wp\/v2\/pages"}],"about":[{"href":"https:\/\/swingladiespecs.youdodo.hu\/index.php?rest_route=\/wp\/v2\/types\/page"}],"author":[{"embeddable":true,"href":"https:\/\/swingladiespecs.youdodo.hu\/index.php?rest_route=\/wp\/v2\/users\/1"}],"replies":[{"embeddable":true,"href":"https:\/\/swingladiespecs.youdodo.hu\/index.php?rest_route=%2Fwp%2Fv2%2Fcomments&post=380"}],"version-history":[{"count":33,"href":"https:\/\/swingladiespecs.youdodo.hu\/index.php?rest_route=\/wp\/v2\/pages\/380\/revisions"}],"predecessor-version":[{"id":451,"href":"https:\/\/swingladiespecs.youdodo.hu\/index.php?rest_route=\/wp\/v2\/pages\/380\/revisions\/451"}],"wp:featuredmedia":[{"embeddable":true,"href":"https:\/\/swingladiespecs.youdodo.hu\/index.php?rest_route=\/wp\/v2\/media\/331"}],"wp:attachment":[{"href":"https:\/\/swingladiespecs.youdodo.hu\/index.php?rest_route=%2Fwp%2Fv2%2Fmedia&parent=380"}],"curies":[{"name":"wp","href":"https:\/\/api.w.org\/{rel}","templated":true}]}}